{"id":678,"date":"2022-03-01T08:50:00","date_gmt":"2022-03-01T08:50:00","guid":{"rendered":"https:\/\/startersites.io\/stagingtwo\/?page_id=678"},"modified":"2025-09-05T22:27:52","modified_gmt":"2025-09-05T20:27:52","slug":"contact","status":"publish","type":"page","link":"https:\/\/cumplejorge.com\/?page_id=678","title":{"rendered":"Contacto"},"content":{"rendered":"\n<div class=\"wp-block-stackable-columns stk-block-columns stk-block stk-834518e\" data-block-id=\"834518e\"><div class=\"stk-row stk-inner-blocks stk-block-content stk-content-align stk-834518e-column\">\n<div class=\"wp-block-stackable-column stk-block-column stk-column stk-block stk-415b01f\" data-v=\"4\" data-block-id=\"415b01f\"><div class=\"stk-column-wrapper stk-block-column__content stk-container stk-415b01f-container stk--no-background stk--no-padding\"><div class=\"stk-block-content stk-inner-blocks stk-415b01f-inner-blocks\">\n<!-- FONDO NEGRO CON CONFETI -->\n<div class=\"cumple-fondo-confeti\"><\/div>\n\n<style>\nhtml, body {\n  height: 100%;\n  margin: 0;\n  padding: 0;\n}\n\n.cumple-fondo-confeti {\n  position: fixed; \/* fija el fondo a la ventana *\/\n  top: 0;\n  left: 0;\n  width: 100vw;\n  height: 100vh; \/* altura completa de la ventana *\/\n  background-color: #000;\n  z-index: -9999; \/* siempre detr\u00e1s del contenido *\/\n  overflow: hidden;\n}\n\n\/* Confeti animado *\/\n.confeti {\n  position: absolute;\n  font-size: 1.5em;\n  user-select: none;\n  pointer-events: none;\n  opacity: 0.8;\n  animation: caer 5s linear infinite;\n}\n\n@keyframes caer {\n  0% { transform: translateY(-50px) rotate(0deg); opacity: 1; }\n  100% { transform: translateY(100vh) rotate(360deg); opacity: 0; }\n}\n<\/style>\n\n<script>\nconst contenedor = document.querySelector('.cumple-fondo-confeti');\nconst confetiEmojis = ['\ud83c\udf89','\u2728','\ud83c\udf8a','\ud83c\udf81','\ud83d\udcab'];\n\nfor(let i=0; i<50; i++){\n  const confeti = document.createElement('div');\n  confeti.className = 'confeti';\n  confeti.textContent = confetiEmojis[Math.floor(Math.random()*confetiEmojis.length)];\n  confeti.style.left = Math.random()*100 + 'vw';\n  confeti.style.animationDuration = (3 + Math.random()*4) + 's';\n  confeti.style.fontSize = (15 + Math.random()*15) + 'px';\n  contenedor.appendChild(confeti);\n}\n<\/script>\n\n\n\n<div class=\"wp-block-stackable-heading stk-block-heading stk-block-heading--v2 stk-block stk-adb9d52\" id=\"contacto\" data-block-id=\"adb9d52\"><style>.stk-adb9d52 {min-height:var(--stk--preset--block-height--none, 0px) !important;align-items:center !important;padding-top:var(--stk--preset--spacing--none, 0px) !important;padding-right:var(--stk--preset--spacing--none, 0px) !important;padding-bottom:var(--stk--preset--spacing--none, 0px) !important;padding-left:var(--stk--preset--spacing--none, 0px) !important;margin-top:250px !important;display:flex !important;}.stk-adb9d52 .stk-block-heading__text{text-shadow:6px 6px 4px #78787833 !important;color:var(--theme-palette-color-5, #edeff2) !important;}<\/style><h2 class=\"stk-block-heading__text has-text-color has-text-align-center\">CONTACTO<\/h2><\/div>\n\n\n\n<div class=\"wp-block-stackable-columns stk-block-columns stk-block stk-29ec482 stk-block-background\" data-block-id=\"29ec482\"><style>.stk-29ec482 {background-color:var(--theme-palette-color-5, #edeff2) !important;border-top-left-radius:var(--stk--preset--border-radius--medium, 8px) !important;border-top-right-radius:var(--stk--preset--border-radius--medium, 8px) !important;border-bottom-right-radius:var(--stk--preset--border-radius--medium, 8px) !important;border-bottom-left-radius:var(--stk--preset--border-radius--medium, 8px) !important;overflow:hidden !important;max-width:600px !important;min-width:auto !important;margin-top:var(--stk--preset--spacing--40, 1rem) !important;margin-right:auto !important;margin-left:auto !important;}.stk-29ec482:before{background-color:var(--theme-palette-color-5, #edeff2) !important;}.stk-29ec482-column{max-width:700px !important;min-width:auto !important;margin-right:auto !important;margin-left:auto !important;}<\/style><div class=\"stk-row stk-inner-blocks has-text-align-center stk-block-content stk-content-align stk-29ec482-column\">\n<div class=\"wp-block-stackable-column stk-block-column stk-column stk-block stk-615f5da\" data-v=\"4\" data-block-id=\"615f5da\"><div class=\"stk-column-wrapper stk-block-column__content stk-container stk-615f5da-container stk--no-background stk--no-padding\"><div class=\"stk-block-content stk-inner-blocks stk-615f5da-inner-blocks\">\n<div class=\"wp-block-stackable-image stk-block-image stk-block stk-ce21989\" data-block-id=\"ce21989\"><style>.stk-ce21989 {margin-bottom:16px !important;}.stk-ce21989 .stk-img-wrapper{width:40px !important;}<\/style><figure><a class=\"stk-link\" href=\"https:\/\/www.google.com\/maps\/dir\/\/Calle+de+N%C3%BA%C3%B1ez+de+Balboa,+37,+Salamanca,+28001+Madrid\/@40.4257783,-3.7652682,12z\/data=!4m8!4m7!1m0!1m5!1m1!1s0xd422897d6f004df:0x7ad390f0ad110920!2m2!1d-3.6828673!2d40.4258075?entry=ttu&amp;g_ep=EgoyMDI1MDgxOS4wIKXMDSoASAFQAw%3D%3D\"><span class=\"stk-img-wrapper stk-image--shape-stretch\"><img loading=\"lazy\" decoding=\"async\" class=\"stk-img wp-image-535\" src=\"https:\/\/cumplejorge.com\/wp-content\/uploads\/2021\/07\/icon-pin.svg\" width=\"40\" height=\"300\"\/><\/span><\/a><\/figure><\/div>\n\n\n\n<div class=\"wp-block-stackable-heading stk-block-heading stk-block-heading--v2 stk-block stk-b33f874\" id=\"cumple-jorge-lugar\" data-block-id=\"b33f874\"><style>.stk-b33f874 {margin-bottom:5px !important;}.stk-b33f874 .stk-block-heading__text{font-size:20px !important;font-weight:800 !important;}@media screen and (max-width:999px){.stk-b33f874 .stk-block-heading__text{font-size:20px !important;}}<\/style><h5 class=\"stk-block-heading__text\">Cumple Jorge Lugar\u200b<\/h5><\/div>\n\n\n\n<div class=\"wp-block-stackable-text stk-block-text stk-block stk-9fd81be\" data-block-id=\"9fd81be\"><style>.stk-9fd81be {margin-bottom:11px !important;}.stk-9fd81be .stk-block-text__text{font-size:10px !important;}@media screen and (max-width:999px){.stk-9fd81be .stk-block-text__text{font-size:10px !important;}}<\/style><p class=\"stk-block-text__text\">(pincha el icono para activar el mapa)<\/p><\/div>\n\n\n\n<div class=\"wp-block-stackable-text stk-block-text stk-block stk-90f0ca5\" data-block-id=\"90f0ca5\"><style>.stk-90f0ca5 {margin-bottom:3px !important;}.stk-90f0ca5 .stk-block-text__text{font-size:13px !important;}@media screen and (max-width:999px){.stk-90f0ca5 .stk-block-text__text{font-size:13px !important;}}<\/style><p class=\"stk-block-text__text\"><strong> LA LEYENDA DEL AGAVE<\/strong><\/p><\/div>\n\n\n\n<div class=\"wp-block-stackable-text stk-block-text stk-block stk-680c24e\" data-block-id=\"680c24e\"><style>.stk-680c24e .stk-block-text__text{font-size:14px !important;}@media screen and (max-width:999px){.stk-680c24e .stk-block-text__text{font-size:14px !important;}}<\/style><p class=\"stk-block-text__text\">C. N\u00fa\u00f1ez de Balboa, 37, 28001.   Madrid, Espa\u00f1a<\/p><\/div>\n<\/div><\/div><\/div>\n\n\n\n<div class=\"wp-block-stackable-column stk-block-column stk-column stk-block stk-3361040\" data-v=\"4\" data-block-id=\"3361040\"><div class=\"stk-column-wrapper stk-block-column__content stk-container stk-3361040-container stk--no-background stk--no-padding\"><div class=\"stk-block-content stk-inner-blocks stk-3361040-inner-blocks\">\n<div class=\"wp-block-stackable-image stk-block-image stk-block stk-7d66949\" data-block-id=\"7d66949\"><style>.stk-7d66949 {margin-bottom:16px !important;}.stk-7d66949 .stk-img-wrapper{width:40px !important;}<\/style><figure><a class=\"stk-link\" href=\"mailto: liliana_rascon@hotmail.com, jorgeramirezamd@gmail.com\"><span class=\"stk-img-wrapper stk-image--shape-stretch\"><img loading=\"lazy\" decoding=\"async\" class=\"stk-img wp-image-536\" src=\"https:\/\/cumplejorge.com\/wp-content\/uploads\/2021\/07\/icon-envelope.svg\" width=\"40\" height=\"300\"\/><\/span><\/a><\/figure><\/div>\n\n\n\n<div class=\"wp-block-stackable-heading stk-block-heading stk-block-heading--v2 stk-block stk-65e6609\" id=\"email\" data-block-id=\"65e6609\"><style>.stk-65e6609 {margin-bottom:16px !important;}.stk-65e6609 .stk-block-heading__text{font-size:20px !important;font-weight:800 !important;}@media screen and (max-width:999px){.stk-65e6609 .stk-block-heading__text{font-size:20px !important;}}<\/style><h5 class=\"stk-block-heading__text\">Email<\/h5><\/div>\n\n\n\n<div class=\"wp-block-stackable-text stk-block-text stk-block stk-dc2c22f\" data-block-id=\"dc2c22f\"><style>.stk-dc2c22f {margin-bottom:2px !important;}.stk-dc2c22f .stk-block-text__text{font-size:16px !important;}@media screen and (max-width:999px){.stk-dc2c22f .stk-block-text__text{font-size:16px !important;}}<\/style><p class=\"stk-block-text__text\">Tu mensaje llegar\u00e1 volando hasta m\u00ed \ud83d\udcec.<\/p><\/div>\n\n\n\n<div class=\"wp-block-stackable-text stk-block-text stk-block stk-e9417ce\" data-block-id=\"e9417ce\"><style>.stk-e9417ce {margin-bottom:3px !important;}.stk-e9417ce .stk-block-text__text{font-size:10px !important;}@media screen and (max-width:999px){.stk-e9417ce .stk-block-text__text{font-size:10px !important;}}<\/style><p class=\"stk-block-text__text\">(En el mail aparecen 2 destinatarios (Lili y Jorge) puedes editar y enviar s\u00f3lo a uno o ambos, pincha el icono para activar tu email y poder recibir tu correo)<\/p><\/div>\n<\/div><\/div><\/div>\n\n\n\n<div class=\"wp-block-stackable-column stk-block-column stk-column stk-block stk-6d003e2\" data-v=\"4\" data-block-id=\"6d003e2\"><div class=\"stk-column-wrapper stk-block-column__content stk-container stk-6d003e2-container stk--no-background stk--no-padding\"><div class=\"stk-block-content stk-inner-blocks stk-6d003e2-inner-blocks\">\n<div class=\"wp-block-stackable-image stk-block-image stk-block stk-5fdcd20\" data-block-id=\"5fdcd20\"><style>.stk-5fdcd20 {margin-bottom:16px !important;}.stk-5fdcd20 .stk-img-wrapper{width:40px !important;}<\/style><figure><a class=\"stk-link\" href=\"tel:+34672834650\"><span class=\"stk-img-wrapper stk-image--shape-stretch\"><img loading=\"lazy\" decoding=\"async\" class=\"stk-img wp-image-537\" src=\"https:\/\/cumplejorge.com\/wp-content\/uploads\/2021\/07\/icon-phone.svg\" width=\"40\" height=\"300\"\/><\/span><\/a><\/figure><\/div>\n\n\n\n<div class=\"wp-block-stackable-heading stk-block-heading stk-block-heading--v2 stk-block stk-ed090f3\" id=\"lil-y\" data-block-id=\"ed090f3\"><style>.stk-ed090f3 {margin-bottom:0px !important;}.stk-ed090f3 .stk-block-heading__text{font-size:20px !important;font-weight:800 !important;}@media screen and (max-width:999px){.stk-ed090f3 .stk-block-heading__text{font-size:20px !important;}}<\/style><h5 class=\"stk-block-heading__text\">LilY<\/h5><\/div>\n\n\n\n<div class=\"wp-block-stackable-text stk-block-text stk-block stk-b1cb391\" data-block-id=\"b1cb391\"><style>.stk-b1cb391 .stk-block-text__text{font-size:10px !important;}@media screen and (max-width:999px){.stk-b1cb391 .stk-block-text__text{font-size:10px !important;}}<\/style><p class=\"stk-block-text__text\">\u00a1Toca el icono y ll\u00e1mame directamente! \ud83d\udcde<\/p><\/div>\n\n\n\n<div class=\"wp-block-stackable-image stk-block-image stk-block stk-84aadaf\" data-block-id=\"84aadaf\"><style>.stk-84aadaf {margin-bottom:16px !important;}.stk-84aadaf .stk-img-wrapper{width:40px !important;}<\/style><figure><a class=\"stk-link\" href=\"+34602545785\"><span class=\"stk-img-wrapper stk-image--shape-stretch\"><img loading=\"lazy\" decoding=\"async\" class=\"stk-img wp-image-537\" src=\"https:\/\/cumplejorge.com\/wp-content\/uploads\/2021\/07\/icon-phone.svg\" width=\"40\" height=\"300\"\/><\/span><\/a><\/figure><\/div>\n\n\n\n<div class=\"wp-block-stackable-heading stk-block-heading stk-block-heading--v2 stk-block stk-43b0b49\" id=\"jorge\" data-block-id=\"43b0b49\"><style>.stk-43b0b49 {margin-bottom:1px !important;}.stk-43b0b49 .stk-block-heading__text{font-size:20px !important;font-weight:800 !important;}@media screen and (max-width:999px){.stk-43b0b49 .stk-block-heading__text{font-size:20px !important;}}<\/style><h5 class=\"stk-block-heading__text\">Jorge<\/h5><\/div>\n\n\n\n<div class=\"wp-block-stackable-text stk-block-text stk-block stk-9d95d5a\" data-block-id=\"9d95d5a\"><style>.stk-9d95d5a .stk-block-text__text{font-size:10px !important;}@media screen and (max-width:999px){.stk-9d95d5a .stk-block-text__text{font-size:10px !important;}}<\/style><p class=\"stk-block-text__text\">\u00a1Toca el icono y ll\u00e1mame directamente! \ud83d\udcde<\/p><\/div>\n<\/div><\/div><\/div>\n<\/div><\/div>\n<\/div><\/div><\/div>\n<\/div><\/div>\n\n\n\n<div class=\"wp-block-stackable-spacer stk-block-spacer stk--no-padding stk-block stk-ca6a3ce\" data-block-id=\"ca6a3ce\"><\/div>\n\n\n\n\n\n\n\n","protected":false},"excerpt":{"rendered":"<p>CONTACTO Cumple Jorge Lugar\u200b (pincha el icono para activar el mapa) LA LEYENDA DEL AGAVE C. N\u00fa\u00f1ez de Balboa, 37, 28001. Madrid, Espa\u00f1a Email Tu mensaje llegar\u00e1 volando hasta m\u00ed \ud83d\udcec. (En el mail aparecen 2 destinatarios (Lili y Jorge) puedes editar y enviar s\u00f3lo a uno o ambos, pincha el icono para activar tu [&hellip;]<\/p>\n","protected":false},"author":1,"featured_media":0,"parent":0,"menu_order":0,"comment_status":"closed","ping_status":"closed","template":"","meta":{"pgc_sgb_lightbox_settings":"","footnotes":""},"class_list":["post-678","page","type-page","status-publish","hentry"],"blocksy_meta":{"styles_descriptor":{"styles":{"desktop":"","tablet":"","mobile":""},"google_fonts":[],"version":6},"page_title_panel":"","has_hero_section":"disabled","392b7e43ae598ff3c4847b936747b69f":"","hero_section":"type-1","hero_elements":[{"id":"custom_title","enabled":true,"heading_tag":"h1","title":"Home"},{"id":"custom_description","enabled":true,"description_visibility":{"desktop":true,"tablet":true,"mobile":false}},{"id":"custom_meta","enabled":false,"meta_elements":[{"id":"author","enabled":true,"label":"By","has_author_avatar":"yes","avatar_size":25},{"id":"post_date","enabled":true,"label":"On","date_format_source":"default","date_format":"M j, Y"},{"id":"updated_date","enabled":false,"label":"On","date_format_source":"default","date_format":"M j, Y"},{"id":"categories","enabled":false,"label":"In","style":"simple"},{"id":"comments","enabled":true}],"page_meta_elements":{"joined":true,"articles_count":true,"comments":true}},{"id":"breadcrumbs","enabled":false}],"943af5d9cf64e0729d58495d5a644ce8":"","hero_alignment1":"CT_CSS_SKIP_RULE","hero_margin":40,"hero_alignment2":"center","hero_vertical_alignment":"center","cf8c6ed215a8beaa32e91d6267e52593":"","hero_structure":"narrow","323f05bb0761330f7c4eeef2eb50c1d3":"","page_title_bg_type":"featured_image","custom_hero_background":{"attachment_id":null},"parallax":{"desktop":false,"tablet":false,"mobile":false},"2373d8dd70bebb8baa4dcd2b3914d3ff":"","hero_height":"250px","pageTitleFont":{"family":"Default","variation":"Default","size":"30px","line-height":"CT_CSS_SKIP_RULE","letter-spacing":"CT_CSS_SKIP_RULE","text-transform":"CT_CSS_SKIP_RULE","text-decoration":"CT_CSS_SKIP_RULE"},"pageTitleFontColor":{"default":{"color":"CT_CSS_SKIP_RULEDEFAULT"}},"pageMetaFont":{"family":"Default","variation":"n6","size":"12px","line-height":"1.3","letter-spacing":"CT_CSS_SKIP_RULE","text-transform":"uppercase","text-decoration":"CT_CSS_SKIP_RULE"},"pageMetaFontColor":{"default":{"color":"CT_CSS_SKIP_RULEDEFAULT"},"hover":{"color":"CT_CSS_SKIP_RULEDEFAULT"}},"page_meta_button_type_font_colors":{"default":{"color":"CT_CSS_SKIP_RULEDEFAULT"},"hover":{"color":"CT_CSS_SKIP_RULEDEFAULT"}},"page_meta_button_type_background_colors":{"default":{"color":"CT_CSS_SKIP_RULEDEFAULT"},"hover":{"color":"CT_CSS_SKIP_RULEDEFAULT"}},"pageExcerptFont":{"family":"Default","variation":"Default","size":"CT_CSS_SKIP_RULE","line-height":"CT_CSS_SKIP_RULE","letter-spacing":"CT_CSS_SKIP_RULE","text-transform":"CT_CSS_SKIP_RULE","text-decoration":"CT_CSS_SKIP_RULE"},"pageExcerptColor":{"default":{"color":"CT_CSS_SKIP_RULEDEFAULT"}},"breadcrumbsFont":{"family":"Default","variation":"Default","size":"CT_CSS_SKIP_RULE","line-height":"CT_CSS_SKIP_RULE","letter-spacing":"CT_CSS_SKIP_RULE","text-transform":"CT_CSS_SKIP_RULE","text-decoration":"CT_CSS_SKIP_RULE"},"breadcrumbsFontColor":{"default":{"color":"CT_CSS_SKIP_RULEDEFAULT"},"initial":{"color":"CT_CSS_SKIP_RULEDEFAULT"},"hover":{"color":"CT_CSS_SKIP_RULEDEFAULT"}},"pageTitleOverlay":{"background_type":"color","background_pattern":"type-1","background_image":{"attachment_id":null,"x":0,"y":0},"gradient":"linear-gradient(135deg,rgba(6,147,227,1) 0%,rgb(155,81,224) 100%)","background_repeat":"repeat","background_size":"auto","background_attachment":"scroll","patternColor":{"default":{"color":"#e5e7ea"}},"overlayColor":{"default":{"color":"CT_CSS_SKIP_RULE"}},"backgroundColor":{"default":{"color":"CT_CSS_SKIP_RULE"}}},"pageTitleBackground":{"background_type":"color","background_pattern":"type-1","background_image":{"attachment_id":null,"x":0,"y":0},"gradient":"linear-gradient(135deg,rgba(6,147,227,1) 0%,rgb(155,81,224) 100%)","background_repeat":"repeat","background_size":"auto","background_attachment":"scroll","patternColor":{"default":{"color":"#e5e7ea"}},"overlayColor":{"default":{"color":"CT_CSS_SKIP_RULE"}},"backgroundColor":{"default":{"color":"var(--theme-palette-color-6)"}}},"pageTitlePadding":{"top":"50px","bottom":"50px","left":"auto","right":"auto","linked":true},"767a4f6c68612a4c226719a6cf6092ab":"","page_structure_type":"default","aec0a7f1cd371059255a2ed8ad653931":"","content_style_source":"inherit","content_style":"wide","vertical_spacing_source":"custom","content_area_spacing":"none","background":{"background_type":"color","background_pattern":"type-1","background_image":{"attachment_id":null,"x":0,"y":0},"gradient":"linear-gradient(135deg,rgba(6,147,227,1) 0%,rgb(155,81,224) 100%)","background_repeat":"repeat","background_size":"auto","background_attachment":"scroll","patternColor":{"default":{"color":"#e5e7ea"}},"overlayColor":{"default":{"color":"CT_CSS_SKIP_RULE"}},"backgroundColor":{"default":{"color":"CT_CSS_SKIP_RULE"}}},"content_background":{"background_type":"color","background_pattern":"type-1","background_image":{"attachment_id":null,"x":0,"y":0},"gradient":"linear-gradient(135deg,rgba(6,147,227,1) 0%,rgb(155,81,224) 100%)","background_repeat":"repeat","background_size":"auto","background_attachment":"scroll","patternColor":{"default":{"color":"#e5e7ea"}},"overlayColor":{"default":{"color":"CT_CSS_SKIP_RULE"}},"backgroundColor":{"default":{"color":"var(--theme-palette-color-8)"}}},"content_boxed_shadow":{"inherit":false,"blur":18,"spread":-6,"v_offset":12,"h_offset":0,"inset":false,"enable":true,"color":{"color":"rgba(34, 56, 101, 0.04)"}},"boxed_content_spacing":{"desktop":{"top":"40px","bottom":"40px","left":"40px","right":"40px","linked":true},"tablet":{"top":"35px","bottom":"35px","left":"35px","right":"35px","linked":true},"mobile":{"top":"20px","bottom":"20px","left":"20px","right":"20px","linked":true}},"content_boxed_radius":{"top":"3px","bottom":"3px","left":"3px","right":"3px","linked":true},"4fb4db25106c5d9189b4d1f3b1c8cc48":"","disable_featured_image":"no","disable_share_box":"no","disable_header":"no","disable_footer":"no"},"_links":{"self":[{"href":"https:\/\/cumplejorge.com\/index.php?rest_route=\/wp\/v2\/pages\/678","targetHints":{"allow":["GET"]}}],"collection":[{"href":"https:\/\/cumplejorge.com\/index.php?rest_route=\/wp\/v2\/pages"}],"about":[{"href":"https:\/\/cumplejorge.com\/index.php?rest_route=\/wp\/v2\/types\/page"}],"author":[{"embeddable":true,"href":"https:\/\/cumplejorge.com\/index.php?rest_route=\/wp\/v2\/users\/1"}],"replies":[{"embeddable":true,"href":"https:\/\/cumplejorge.com\/index.php?rest_route=%2Fwp%2Fv2%2Fcomments&post=678"}],"version-history":[{"count":111,"href":"https:\/\/cumplejorge.com\/index.php?rest_route=\/wp\/v2\/pages\/678\/revisions"}],"predecessor-version":[{"id":2478,"href":"https:\/\/cumplejorge.com\/index.php?rest_route=\/wp\/v2\/pages\/678\/revisions\/2478"}],"wp:attachment":[{"href":"https:\/\/cumplejorge.com\/index.php?rest_route=%2Fwp%2Fv2%2Fmedia&parent=678"}],"curies":[{"name":"wp","href":"https:\/\/api.w.org\/{rel}","templated":true}]}}