{"id":1671,"date":"2025-08-28T22:18:26","date_gmt":"2025-08-28T20:18:26","guid":{"rendered":"https:\/\/cumplejorge.com\/?page_id=1671"},"modified":"2025-09-14T00:33:23","modified_gmt":"2025-09-13T22:33:23","slug":"bienvenida","status":"publish","type":"page","link":"https:\/\/cumplejorge.com\/","title":{"rendered":"Bienvenida"},"content":{"rendered":"\n<div class=\"wp-block-stackable-columns stk-block-columns stk-block stk-5377d84 stk-block-background\" data-block-id=\"5377d84\"><style>.stk-5377d84 .stk--block-align-5377d84{align-items:center !important;}.stk-5377d84 {background-color:var(--theme-palette-color-4, #000000) !important;overflow:hidden !important;box-shadow:0px 2px 20px 0px #22122c !important;border-style:solid !important;border-top-width:0px !important;border-right-width:0px !important;border-bottom-width:0px !important;border-left-width:0px !important;min-height:var(--stk--preset--block-height--none, 0px) !important;align-items:center !important;max-width:606px !important;min-width:auto !important;margin-right:auto !important;margin-left:auto !important;display:flex !important;z-index:3 !important;}.stk-5377d84:before{background-color:var(--theme-palette-color-4, #000000) !important;}<\/style><div class=\"stk-row stk-inner-blocks has-text-align-center stk--block-align-5377d84 stk-block-content stk-content-align stk-5377d84-column\">\n<div class=\"wp-block-stackable-column stk-block-column stk-column stk-block stk-6fce71e\" data-v=\"4\" data-block-id=\"6fce71e\"><div class=\"stk-column-wrapper stk-block-column__content stk-container stk-6fce71e-container stk--no-background stk--no-padding\"><div class=\"stk-block-content stk-inner-blocks stk-6fce71e-inner-blocks\">\n<div class=\"wp-block-stackable-image stk-block-image stk-block stk-0f40a84\" data-block-id=\"0f40a84\"><style>.stk-0f40a84 {margin-top:var(--stk--preset--spacing--none, 0px) !important;margin-right:var(--stk--preset--spacing--none, 0px) !important;margin-bottom:8px !important;margin-left:var(--stk--preset--spacing--none, 0px) !important;}.stk-0f40a84 .stk-img-wrapper{width:33% !important;height:150px !important;}@media screen and (max-width:689px){.stk-0f40a84 .stk-img-wrapper{width:60% !important;height:169px !important;}}<\/style><figure><span class=\"stk-img-wrapper stk-image--shape-stretch\"><img loading=\"lazy\" decoding=\"async\" class=\"stk-img wp-image-1179\" src=\"https:\/\/cumplejorge.com\/wp-content\/uploads\/2025\/08\/IMG_8598-1.jpg\" width=\"640\" height=\"360\" srcset=\"https:\/\/cumplejorge.com\/wp-content\/uploads\/2025\/08\/IMG_8598-1.jpg 640w, https:\/\/cumplejorge.com\/wp-content\/uploads\/2025\/08\/IMG_8598-1-300x169.jpg 300w\" sizes=\"auto, (max-width: 640px) 100vw, 640px\" \/><\/span><\/figure><\/div>\n\n\n\n<div class=\"wp-block-stackable-heading stk-block-heading stk-block-heading--v2 stk-block stk-a72bf6c\" id=\"te-doy-la-bienvenida-a-mi-invitacion\" data-block-id=\"a72bf6c\"><style>.stk-a72bf6c {margin-top:-20px !important;}.stk-a72bf6c .stk-block-heading__text{font-size:40px !important;color:var(--theme-palette-color-8, #ffffff) !important;font-family:\"Sacramento\", Sans-serif !important;}@media screen and (max-width:999px){.stk-a72bf6c .stk-block-heading__text{font-size:40px !important;}}<\/style><h4 class=\"stk-block-heading__text has-text-color\">\u00a1Te doy la bienvenida a mi invitaci\u00f3n!<\/h4><\/div>\n\n\n\n<div class=\"wp-block-stackable-text stk-block-text stk-block stk-1a34e8d\" data-block-id=\"1a34e8d\"><style>.stk-1a34e8d {margin-bottom:0px !important;}.stk-1a34e8d .stk-block-text__text{color:var(--theme-palette-color-7, #FDFDFD) !important;font-family:\"Mulish\", Sans-serif !important;}<\/style><p class=\"stk-block-text__text has-text-color\">ELEG\u00cd LA M\u00daSICA PARA QUE TE ACOMPA\u00d1E EN EL RECORRIDO.<\/p><\/div>\n\n\n\n<div class=\"wp-block-stackable-text stk-block-text stk-block stk-f4e48e9\" data-block-id=\"f4e48e9\"><style>.stk-f4e48e9 .stk-block-text__text{color:var(--theme-palette-color-7, #FDFDFD) !important;}<\/style><p class=\"stk-block-text__text has-text-color\">\u00bfC\u00d3MO TE GUSTAR\u00cdA INGRESAR?<\/p><\/div>\n\n\n\n<div class=\"wp-block-stackable-columns stk-block-columns stk-block stk-55e54fa\" data-block-id=\"55e54fa\"><div class=\"stk-row stk-inner-blocks stk-block-content stk-content-align stk-55e54fa-column\">\n<div class=\"wp-block-stackable-column stk-block-column stk-column stk-block stk-410dcb2\" data-v=\"4\" data-block-id=\"410dcb2\"><div class=\"stk-column-wrapper stk-block-column__content stk-container stk-410dcb2-container stk--no-background stk--no-padding\"><div class=\"stk-block-content stk-inner-blocks stk-410dcb2-inner-blocks\">\n<div class=\"wp-block-stackable-button-group stk-block-button-group stk-block stk-87e4c7d\" data-block-id=\"87e4c7d\"><div class=\"stk-row stk-inner-blocks stk-block-content stk-button-group\">\n<div class=\"wp-block-stackable-button stk-block-button stk-block stk-d37cde8\" data-block-id=\"d37cde8\"><style>.stk-d37cde8 .stk-button:hover:after{background:var(--theme-palette-color-5, #edeff2) !important;opacity:1 !important;}.stk-d37cde8 .stk-button{border-top-left-radius:var(--stk--preset--border-radius--full, 9999px) !important;border-top-right-radius:var(--stk--preset--border-radius--full, 9999px) !important;border-bottom-right-radius:var(--stk--preset--border-radius--full, 9999px) !important;border-bottom-left-radius:var(--stk--preset--border-radius--full, 9999px) !important;}.stk-d37cde8 .stk-button:before{border-style:dotted !important;}.stk-d37cde8 .stk-button__inner-text{font-size:14px !important;}.stk-d37cde8 .stk-button:hover .stk-button__inner-text{color:var(--theme-palette-color-4, #000000) !important;}@media screen and (max-width:999px){.stk-d37cde8 .stk-button__inner-text{font-size:14px !important;}}<\/style><a class=\"stk-link stk-button stk--hover-effect-darken\" href=\"https:\/\/cumplejorge.com\/?page_id=858\"><span class=\"stk-button__inner-text\">\u25b6\ufe0f INGRESAR CON M\u00daSICA<\/span><\/a><\/div>\n<\/div><\/div>\n<\/div><\/div><\/div>\n\n\n\n<div class=\"wp-block-stackable-column stk-block-column stk-column stk-block stk-932b062\" data-v=\"4\" data-block-id=\"932b062\"><div class=\"stk-column-wrapper stk-block-column__content stk-container stk-932b062-container stk--no-background stk--no-padding\"><div class=\"stk-block-content stk-inner-blocks stk-932b062-inner-blocks\">\n<div class=\"wp-block-stackable-button-group stk-block-button-group stk-block stk-c3adc91\" data-block-id=\"c3adc91\"><div class=\"stk-row stk-inner-blocks stk-block-content stk-button-group\">\n<div class=\"wp-block-stackable-button stk-block-button stk-block stk-a9eb21b\" data-block-id=\"a9eb21b\"><style>.stk-a9eb21b .stk-button:hover:after{background:var(--theme-palette-color-5, #edeff2) !important;opacity:1 !important;}.stk-a9eb21b .stk-button{border-top-left-radius:var(--stk--preset--border-radius--full, 9999px) !important;border-top-right-radius:var(--stk--preset--border-radius--full, 9999px) !important;border-bottom-right-radius:var(--stk--preset--border-radius--full, 9999px) !important;border-bottom-left-radius:var(--stk--preset--border-radius--full, 9999px) !important;}.stk-a9eb21b .stk-button:before{border-style:dotted !important;}.stk-a9eb21b .stk-button__inner-text{font-size:14px !important;}.stk-a9eb21b .stk-button:hover .stk-button__inner-text{color:var(--theme-palette-color-4, #000000) !important;}@media screen and (max-width:999px){.stk-a9eb21b .stk-button__inner-text{font-size:14px !important;}}<\/style><a class=\"stk-link stk-button stk--hover-effect-darken\" href=\"https:\/\/cumplejorge.com\/?page_id=2597\"><span class=\"stk-button__inner-text\">\ud83d\udd07 INGRESAR SIN M\u00daSICA<\/span><\/a><\/div>\n<\/div><\/div>\n<\/div><\/div><\/div>\n<\/div><\/div>\n<\/div><\/div><\/div>\n<\/div><\/div>\n","protected":false},"excerpt":{"rendered":"<p>\u00a1Te doy la bienvenida a mi invitaci\u00f3n! ELEG\u00cd LA M\u00daSICA PARA QUE TE ACOMPA\u00d1E EN EL RECORRIDO. \u00bfC\u00d3MO TE GUSTAR\u00cdA INGRESAR? \u25b6\ufe0f INGRESAR CON M\u00daSICA \ud83d\udd07 INGRESAR SIN M\u00daSICA<\/p>\n","protected":false},"author":1,"featured_media":0,"parent":0,"menu_order":0,"comment_status":"closed","ping_status":"closed","template":"","meta":{"pgc_sgb_lightbox_settings":"","footnotes":""},"class_list":["post-1671","page","type-page","status-publish","hentry"],"blocksy_meta":{"has_hero_section":"disabled","disable_header":"yes","disable_footer":"yes","styles_descriptor":{"styles":{"desktop":"","tablet":"","mobile":""},"google_fonts":[],"version":6},"hero_elements":[{"id":"custom_title","enabled":true,"heading_tag":"h1","title":"Inicio","__id":"kW3xIQhPkY1ZfuRNtQGTb"},{"id":"custom_description","enabled":true,"description_visibility":{"desktop":true,"tablet":true,"mobile":false},"__id":"ZAiyGSZcI1_vLW-yFcwGg"},{"id":"custom_meta","enabled":false,"meta_elements":[{"id":"author","enabled":true,"label":"Por","has_author_avatar":"yes","avatar_size":25},{"id":"post_date","enabled":true,"label":"El","date_format_source":"default","date_format":"M j, Y"},{"id":"updated_date","enabled":false,"label":"El","date_format_source":"default","date_format":"M j, Y"},{"id":"categories","enabled":false,"label":"En","style":"simple"},{"id":"comments","enabled":true}],"page_meta_elements":{"joined":true,"articles_count":true,"comments":true},"__id":"7Uuc_qkJhHKODQHDmu0LF"},{"id":"breadcrumbs","enabled":false,"__id":"bbpBPB_yYiDotV9QIXMml"}],"hero_margin":"0px","page_structure_type":"default","content_style_source":"inherit","vertical_spacing_source":"custom","content_area_spacing":"none"},"_links":{"self":[{"href":"https:\/\/cumplejorge.com\/index.php?rest_route=\/wp\/v2\/pages\/1671","targetHints":{"allow":["GET"]}}],"collection":[{"href":"https:\/\/cumplejorge.com\/index.php?rest_route=\/wp\/v2\/pages"}],"about":[{"href":"https:\/\/cumplejorge.com\/index.php?rest_route=\/wp\/v2\/types\/page"}],"author":[{"embeddable":true,"href":"https:\/\/cumplejorge.com\/index.php?rest_route=\/wp\/v2\/users\/1"}],"replies":[{"embeddable":true,"href":"https:\/\/cumplejorge.com\/index.php?rest_route=%2Fwp%2Fv2%2Fcomments&post=1671"}],"version-history":[{"count":93,"href":"https:\/\/cumplejorge.com\/index.php?rest_route=\/wp\/v2\/pages\/1671\/revisions"}],"predecessor-version":[{"id":2613,"href":"https:\/\/cumplejorge.com\/index.php?rest_route=\/wp\/v2\/pages\/1671\/revisions\/2613"}],"wp:attachment":[{"href":"https:\/\/cumplejorge.com\/index.php?rest_route=%2Fwp%2Fv2%2Fmedia&parent=1671"}],"curies":[{"name":"wp","href":"https:\/\/api.w.org\/{rel}","templated":true}]}}